{"id":888,"date":"2026-03-03T13:16:57","date_gmt":"2026-03-03T12:16:57","guid":{"rendered":"https:\/\/ze-experience-event.link2fleet.com\/home\/"},"modified":"2026-05-12T11:26:16","modified_gmt":"2026-05-12T09:26:16","slug":"home","status":"publish","type":"page","link":"https:\/\/ze-experience-event.link2fleet.com\/fr\/","title":{"rendered":"Home"},"content":{"rendered":"","protected":false},"excerpt":{"rendered":"","protected":false},"author":6,"featured_media":0,"parent":0,"menu_order":0,"comment_status":"closed","ping_status":"closed","template":"","meta":{"_acf_changed":false,"footnotes":""},"class_list":["post-888","page","type-page","status-publish","hentry"],"acf":[],"yoast_head":"<!-- This site is optimized with the Yoast SEO plugin v27.2 - https:\/\/yoast.com\/product\/yoast-seo-wordpress\/ -->\n<title>Home - Zero Emission Experience Event<\/title>\n<meta name=\"description\" content=\"Testez plus de 100 v\u00e9hicules z\u00e9ro \u00e9mission en une seule journ\u00e9e, en un seul lieu, et d\u00e9couvrez l\u2019avenir de l\u2019e-mobilit\u00e9.\" \/>\n<meta name=\"robots\" content=\"index, follow, max-snippet:-1, max-image-preview:large, max-video-preview:-1\" \/>\n<meta property=\"og:locale\" content=\"fr_FR\" \/>\n<meta property=\"og:type\" content=\"article\" \/>\n<meta property=\"og:title\" content=\"Home - Zero Emission Experience Event\" \/>\n<meta property=\"og:description\" content=\"Testez plus de 100 v\u00e9hicules z\u00e9ro \u00e9mission en une seule journ\u00e9e, en un seul lieu, et d\u00e9couvrez l\u2019avenir de l\u2019e-mobilit\u00e9.\" \/>\n<meta property=\"og:url\" content=\"https:\/\/ze-experience-event.link2fleet.com\/fr\/\" \/>\n<meta property=\"og:site_name\" content=\"Zero Emission Experience Event\" \/>\n<meta property=\"article:modified_time\" content=\"2026-05-12T09:26:16+00:00\" \/>\n<meta name=\"twitter:card\" content=\"summary_large_image\" \/>\n<script type=\"application\/ld+json\" class=\"yoast-schema-graph\">{\"@context\":\"https:\/\/schema.org\",\"@graph\":[{\"@type\":\"WebPage\",\"@id\":\"https:\/\/ze-experience-event.link2fleet.com\/fr\/\",\"url\":\"https:\/\/ze-experience-event.link2fleet.com\/fr\/\",\"name\":\"Home - Zero Emission Experience Event\",\"isPartOf\":{\"@id\":\"https:\/\/ze-experience-event.link2fleet.com\/#website\"},\"datePublished\":\"2026-03-03T12:16:57+00:00\",\"dateModified\":\"2026-05-12T09:26:16+00:00\",\"description\":\"Testez plus de 100 v\u00e9hicules z\u00e9ro \u00e9mission en une seule journ\u00e9e, en un seul lieu, et d\u00e9couvrez l\u2019avenir de l\u2019e-mobilit\u00e9.\",\"breadcrumb\":{\"@id\":\"https:\/\/ze-experience-event.link2fleet.com\/fr\/#breadcrumb\"},\"inLanguage\":\"fr-FR\",\"potentialAction\":[{\"@type\":\"ReadAction\",\"target\":[\"https:\/\/ze-experience-event.link2fleet.com\/fr\/\"]}]},{\"@type\":\"BreadcrumbList\",\"@id\":\"https:\/\/ze-experience-event.link2fleet.com\/fr\/#breadcrumb\",\"itemListElement\":[{\"@type\":\"ListItem\",\"position\":1,\"name\":\"Home\",\"item\":\"https:\/\/ze-experience-event.link2fleet.com\/fr\/\"},{\"@type\":\"ListItem\",\"position\":2,\"name\":\"Home\"}]},{\"@type\":\"WebSite\",\"@id\":\"https:\/\/ze-experience-event.link2fleet.com\/#website\",\"url\":\"https:\/\/ze-experience-event.link2fleet.com\/\",\"name\":\"Zero Emission Experience Event\",\"description\":\"\",\"potentialAction\":[{\"@type\":\"SearchAction\",\"target\":{\"@type\":\"EntryPoint\",\"urlTemplate\":\"https:\/\/ze-experience-event.link2fleet.com\/?s={search_term_string}\"},\"query-input\":{\"@type\":\"PropertyValueSpecification\",\"valueRequired\":true,\"valueName\":\"search_term_string\"}}],\"inLanguage\":\"fr-FR\"}]}<\/script>\n<!-- \/ Yoast SEO plugin. -->","yoast_head_json":{"title":"Home - Zero Emission Experience Event","description":"Testez plus de 100 v\u00e9hicules z\u00e9ro \u00e9mission en une seule journ\u00e9e, en un seul lieu, et d\u00e9couvrez l\u2019avenir de l\u2019e-mobilit\u00e9.","robots":{"index":"index","follow":"follow","max-snippet":"max-snippet:-1","max-image-preview":"max-image-preview:large","max-video-preview":"max-video-preview:-1"},"og_locale":"fr_FR","og_type":"article","og_title":"Home - Zero Emission Experience Event","og_description":"Testez plus de 100 v\u00e9hicules z\u00e9ro \u00e9mission en une seule journ\u00e9e, en un seul lieu, et d\u00e9couvrez l\u2019avenir de l\u2019e-mobilit\u00e9.","og_url":"https:\/\/ze-experience-event.link2fleet.com\/fr\/","og_site_name":"Zero Emission Experience Event","article_modified_time":"2026-05-12T09:26:16+00:00","twitter_card":"summary_large_image","schema":{"@context":"https:\/\/schema.org","@graph":[{"@type":"WebPage","@id":"https:\/\/ze-experience-event.link2fleet.com\/fr\/","url":"https:\/\/ze-experience-event.link2fleet.com\/fr\/","name":"Home - Zero Emission Experience Event","isPartOf":{"@id":"https:\/\/ze-experience-event.link2fleet.com\/#website"},"datePublished":"2026-03-03T12:16:57+00:00","dateModified":"2026-05-12T09:26:16+00:00","description":"Testez plus de 100 v\u00e9hicules z\u00e9ro \u00e9mission en une seule journ\u00e9e, en un seul lieu, et d\u00e9couvrez l\u2019avenir de l\u2019e-mobilit\u00e9.","breadcrumb":{"@id":"https:\/\/ze-experience-event.link2fleet.com\/fr\/#breadcrumb"},"inLanguage":"fr-FR","potentialAction":[{"@type":"ReadAction","target":["https:\/\/ze-experience-event.link2fleet.com\/fr\/"]}]},{"@type":"BreadcrumbList","@id":"https:\/\/ze-experience-event.link2fleet.com\/fr\/#breadcrumb","itemListElement":[{"@type":"ListItem","position":1,"name":"Home","item":"https:\/\/ze-experience-event.link2fleet.com\/fr\/"},{"@type":"ListItem","position":2,"name":"Home"}]},{"@type":"WebSite","@id":"https:\/\/ze-experience-event.link2fleet.com\/#website","url":"https:\/\/ze-experience-event.link2fleet.com\/","name":"Zero Emission Experience Event","description":"","potentialAction":[{"@type":"SearchAction","target":{"@type":"EntryPoint","urlTemplate":"https:\/\/ze-experience-event.link2fleet.com\/?s={search_term_string}"},"query-input":{"@type":"PropertyValueSpecification","valueRequired":true,"valueName":"search_term_string"}}],"inLanguage":"fr-FR"}]}},"_links":{"self":[{"href":"https:\/\/ze-experience-event.link2fleet.com\/fr\/wp-json\/wp\/v2\/pages\/888","targetHints":{"allow":["GET"]}}],"collection":[{"href":"https:\/\/ze-experience-event.link2fleet.com\/fr\/wp-json\/wp\/v2\/pages"}],"about":[{"href":"https:\/\/ze-experience-event.link2fleet.com\/fr\/wp-json\/wp\/v2\/types\/page"}],"author":[{"embeddable":true,"href":"https:\/\/ze-experience-event.link2fleet.com\/fr\/wp-json\/wp\/v2\/users\/6"}],"replies":[{"embeddable":true,"href":"https:\/\/ze-experience-event.link2fleet.com\/fr\/wp-json\/wp\/v2\/comments?post=888"}],"version-history":[{"count":8,"href":"https:\/\/ze-experience-event.link2fleet.com\/fr\/wp-json\/wp\/v2\/pages\/888\/revisions"}],"predecessor-version":[{"id":1781,"href":"https:\/\/ze-experience-event.link2fleet.com\/fr\/wp-json\/wp\/v2\/pages\/888\/revisions\/1781"}],"wp:attachment":[{"href":"https:\/\/ze-experience-event.link2fleet.com\/fr\/wp-json\/wp\/v2\/media?parent=888"}],"curies":[{"name":"wp","href":"https:\/\/api.w.org\/{rel}","templated":true}]}}